{"id":232,"date":"2016-10-31T01:02:01","date_gmt":"2016-10-31T01:02:01","guid":{"rendered":"http:\/\/calatoriaspretine.ro\/wp\/?page_id=232"},"modified":"2016-12-12T21:12:27","modified_gmt":"2016-12-12T21:12:27","slug":"directia-a-patra-bioenergie","status":"publish","type":"page","link":"https:\/\/calatoriaspretine.ro\/wp\/cele-7-directii\/directia-a-patra-bioenergie\/","title":{"rendered":"Direc\u021bia a patra: Energia fiin\u021bei"},"content":{"rendered":"<p>[Draft vesnic]<\/p>\n<p>Corpul nostru nu &#8216;se termina unde se vede&#8217;.<\/p>\n<p>El este, precum ceapa, globul pamantesc sau atomul, format din multe parti si straturi. Exista bibliografie pentru aceasta. Ideea ca este ca, singuri sau asistati, putem face asupra corpului nostru regl\u0103ri \u0219i optimiz\u0103ri energetice pe <a href=\"https:\/\/en.wikipedia.org\/wiki\/Chakra\">chackre<\/a> si <a href=\"https:\/\/en.wikipedia.org\/wiki\/Nadi_(yoga)\">nadis-uri<\/a> (puncte cheie si trasee \/ c\u0103i energetice); lucrul cu bio-energie cu practici tip <a href=\"https:\/\/ro.wikipedia.org\/wiki\/Reiki\">ReiKi<\/a>, <a href=\"http:\/\/www.prananadi.ro\">PranaNadi<\/a>, altele.<br \/>\nPe mine, de exemplu, m-a &#8216;desfundat&#8217;, ca sa zic asa, <a href=\"http:\/\/ioan-cretu.blogspot.ro\">Ioan Cretu<\/a> din Constanta, on hur har si daruire. La una din intalniri m-a scanat cu ochi patrunzatori care uita in tine, nu &#8216;la tine&#8217;, si-mi zice: &#8220;&#8230; si te doare capul!&#8221;. M-am uitat la el, asa, mai de sus, impasibil. Si el continua: sau o sa te doara. Vad ceva dereglari in zona capului. Eu&#8230; nimic! Ce n-avea de unde sa stie, si nici eu nu I-am spus atunci, e ca ma durea capul (se intampla rarisim)\u00a0de abia stateam in picioare&#8230;<\/p>\n<p>Pe scurt, printre multele functii ale chakrelor, doua sunt de baza: regleaza organele din zona lor si au cel putin o functie principala in functionarea organismului (sexualitate, comunicare etc.).<\/p>\n<p>Legat de nadis-uri, daca acestea nu functioneaza bine, ca si in cazul oricarui flux, mai ales al substantelor sau informatiilor in\u00a0interiorul organismului, exista efecte la nivel fizic. Si nadis-urile pot fi curatate si reactivate &#8211; singuri, prin intentie, sau asistati. Doar ca, pentru a avea vreun efect, TREBUIE SA FACEM NOI PENTRU NOI CATE CEVA, ideea de a astepta sa faca &#8216;altii&#8217; (fiinte, medicamente etc)\u00a0pentru noi nu este una de succes.<\/p>\n<p>Curatarea si ingrijirea aurei, are, de asemenea, o importanta foarte mare.<\/p>\n<p>Aici m-as referi si la importanta taierii legaturilor cu alte finite sau situatii. Prin intentie.<\/p>\n<p>UNDE MERG ATENTIA SI INTENTIA, ACOLO ESTE DIRECTIONATA ENERGIA.<\/p>\n<p>&nbsp;<\/p>\n<p>In secventa video de mai jos se va vedea cum un grup de terapeuti vindeca o tumoare in cateva minute prin constienta, credinta, intentie si prezenta in prezent.<\/p>\n<p>Intentia lor este de a-l vedea pe pacient &#8216;DEJA VINDECAT&#8217;. Puteti porni subtitrarea si alege limba romana.<\/p>\n<p>[iframe src=&#8221;https:\/\/www.youtube.com\/embed\/VLPahLakP_Q?cc_lang_pref=ro&amp;hl=ro&amp;cc_load_policy=1&amp;rel=0&#8243; width=&#8221;560&#8243; height=&#8221;315&#8243; frameborder=&#8221;0&#8243;]<\/p>\n","protected":false},"excerpt":{"rendered":"<p>[Draft vesnic] Corpul nostru nu &#8216;se termina unde se vede&#8217;. El este, precum ceapa, globul pamantesc sau atomul, format din multe parti si straturi. Exista bibliografie pentru aceasta. Ideea ca [&hellip;]<\/p>\n","protected":false},"author":4,"featured_media":0,"parent":203,"menu_order":0,"comment_status":"closed","ping_status":"closed","template":"","meta":{"_price":"","_stock":"","_tribe_ticket_header":"","_tribe_default_ticket_provider":"","_tribe_ticket_capacity":"0","_ticket_start_date":"","_ticket_end_date":"","_tribe_ticket_show_description":"","_tribe_ticket_show_not_going":false,"_tribe_ticket_use_global_stock":"","_tribe_ticket_global_stock_level":"","_global_stock_mode":"","_global_stock_cap":"","_tribe_rsvp_for_event":"","_tribe_ticket_going_count":"","_tribe_ticket_not_going_count":"","_tribe_tickets_list":"[]","_tribe_ticket_has_attendee_info_fields":false,"footnotes":"","_tec_slr_enabled":"","_tec_slr_layout":""},"class_list":["post-232","page","type-page","status-publish","hentry"],"jetpack_sharing_enabled":true,"jetpack_shortlink":"https:\/\/wp.me\/PaJYd6-3K","jetpack_likes_enabled":true,"jetpack-related-posts":[{"id":5513,"url":"https:\/\/calatoriaspretine.ro\/wp\/ce-este-life-activation-si-ce-schimba-in-noi\/","url_meta":{"origin":232,"position":0},"title":"Ce este \u2018Life Activation\u2019 \u0219i ce schimb\u0103 \u00een noi","author":"Paul GABOR ILIESCU","date":"18.01.2021","format":false,"excerpt":"De afar\u0103 ar\u0103t\u0103m to\u021bi la fel! Diferen\u021bele pe care le sesiz\u0103m dar nu \u0219tim, cu adev\u0103rat, de unde vin, sunt cele interioare, cele care fac ca lucrurile s\u0103 se mi\u0219te, ca oamenii s\u0103 aib\u0103 diferite reac\u021bii, atitudini \u0219i abord\u0103ri \u00een acelea\u0219i situa\u021bii. Cu efecte diferite. Cu efort diferit. Cu impact\u2026","rel":"","context":"\u00cen \u201epingbacks\u201d","block_context":{"text":"pingbacks","link":"https:\/\/calatoriaspretine.ro\/wp\/tag\/pingbacks-2\/"},"img":{"alt_text":"Activarea vitalitatii-Life-Activation","src":"https:\/\/i0.wp.com\/calatoriaspretine.ro\/wp\/wp-content\/uploads\/2020\/11\/Activarea-vitalitatii-Life-Activation.png?fit=580%2C400&ssl=1&resize=350%2C200","width":350,"height":200,"srcset":"https:\/\/i0.wp.com\/calatoriaspretine.ro\/wp\/wp-content\/uploads\/2020\/11\/Activarea-vitalitatii-Life-Activation.png?fit=580%2C400&ssl=1&resize=350%2C200 1x, https:\/\/i0.wp.com\/calatoriaspretine.ro\/wp\/wp-content\/uploads\/2020\/11\/Activarea-vitalitatii-Life-Activation.png?fit=580%2C400&ssl=1&resize=525%2C300 1.5x"},"classes":[]},{"id":848,"url":"https:\/\/calatoriaspretine.ro\/wp\/legile-belagine-legile-frumoase\/","url_meta":{"origin":232,"position":1},"title":"Legile Belagine (Legile Frumoase)","author":"paul gi","date":"21.08.2017","format":false,"excerpt":"Legile Belagine sunt izvor de intelepciune ale vremurilor de demult de pe aceste plaiuri. Cred ca ar trebui sa fie predate odata cu alfabetul. Dincolo de curgerea timpului \u015fi de cugetarea zeilor, este Focul cel Viu \u015fi Ve\u015fnic, din care vin toate \u015fi prin care fiin\u0163eaz\u0103 toate cele ce sunt.\u2026","rel":"","context":"Articol similar","block_context":{"text":"Articol similar","link":""},"img":{"alt_text":"","src":"","width":0,"height":0},"classes":[]},{"id":3987,"url":"https:\/\/calatoriaspretine.ro\/wp\/jurnal-de-emotii-dupa-o-sedinta-de-terapie-calatoria\/","url_meta":{"origin":232,"position":2},"title":"Jurnal de emotii dupa o sedinta de terapie Calatoria","author":"danadan","date":"15.02.2019","format":false,"excerpt":"Am facut\u00a0 o sedinta de terapie \u201cCalatoria\u201d cu Roxana Gabor Iliescu dupa care am urmarit efectele acestei experiente timp de 21 de zile . Este uluitor cum\u00a0 poti scapa de ceva ce te urmareste de-o viata in cateva ore. \u00a0 \u00a0 Jurnal de emotii Ziua 1 dupa calatoria mea cu\u2026","rel":"","context":"Articol similar","block_context":{"text":"Articol similar","link":""},"img":{"alt_text":"","src":"https:\/\/i0.wp.com\/calatoriaspretine.ro\/wp\/wp-content\/uploads\/2019\/02\/frica-la-copil-300x148.jpg?resize=350%2C200","width":350,"height":200},"classes":[]},{"id":4271,"url":"https:\/\/calatoriaspretine.ro\/wp\/reguli-pentru-traducerea-in-youtube\/","url_meta":{"origin":232,"position":3},"title":"Reguli pentru traducerea \u00een YouTube","author":"paul gi","date":"10.07.2019","format":false,"excerpt":"Salut, traduc\u0103torule! Bun venit; \u00ee\u021bi mul\u021bumim pentru implicare! Aceste reguli sunt mai mult un check list rezultat din practic\u0103. S\u0103-\u021bi fie de folos! Iat\u0103: Ideea e asa: - atentie la diacritice si la cratime - dupa orice semn de punctuatie se lasa un spatiu - unde este cazul de lasat\u2026","rel":"","context":"Articol similar","block_context":{"text":"Articol similar","link":""},"img":{"alt_text":"","src":"","width":0,"height":0},"classes":[]},{"id":5606,"url":"https:\/\/calatoriaspretine.ro\/wp\/sunt-prizonier-cum-ies-de-aici-hamer-nmg-feng-shui\/","url_meta":{"origin":232,"position":4},"title":"Sunt prizonier! Cum ies de aici? Feng Shui Hamerian","author":"Paul GABOR ILIESCU","date":"28.03.2021","format":false,"excerpt":"Efectul \u0219inelor hameriene \u00een Feng Shui - o abordare comparativ\u0103 Dac\u0103 te-ai trezit c\u00e2ndva cu emo\u021bii \u0219i tr\u0103iri care nu erau ale tale, dar erau extrem de puternice, cople\u0219itoare chiar, lectura aceasta poate fi \u0219i pentru tine! Doar simte ace sim\u021bi \u00a0 Eu sunt, ca formare ini\u021bial\u0103, inginer. \u0218i a\u0219a,\u2026","rel":"","context":"Articol similar","block_context":{"text":"Articol similar","link":""},"img":{"alt_text":"dase identice lo shu feng shui hamer nmg","src":"https:\/\/i0.wp.com\/calatoriaspretine.ro\/wp\/wp-content\/uploads\/2021\/03\/identical-houses.jpg?fit=1200%2C600&ssl=1&resize=350%2C200","width":350,"height":200,"srcset":"https:\/\/i0.wp.com\/calatoriaspretine.ro\/wp\/wp-content\/uploads\/2021\/03\/identical-houses.jpg?fit=1200%2C600&ssl=1&resize=350%2C200 1x, https:\/\/i0.wp.com\/calatoriaspretine.ro\/wp\/wp-content\/uploads\/2021\/03\/identical-houses.jpg?fit=1200%2C600&ssl=1&resize=525%2C300 1.5x, https:\/\/i0.wp.com\/calatoriaspretine.ro\/wp\/wp-content\/uploads\/2021\/03\/identical-houses.jpg?fit=1200%2C600&ssl=1&resize=700%2C400 2x, https:\/\/i0.wp.com\/calatoriaspretine.ro\/wp\/wp-content\/uploads\/2021\/03\/identical-houses.jpg?fit=1200%2C600&ssl=1&resize=1050%2C600 3x"},"classes":[]},{"id":128,"url":"https:\/\/calatoriaspretine.ro\/wp\/prezentare-roxana\/","url_meta":{"origin":232,"position":5},"title":"Prezentare Roxana","author":"paul gi","date":"11.10.2016","format":false,"excerpt":"Am crescut pe culoarele Spitalului de Urgenta. Slava Cerului nu pentru ca as fi avut probleme medicale ci pentru ca eram rasfatata tuturor colegilor mamei mele. Crescand in umbra unor medici ca Lascar sau Bradisteanu, nu-mi puteam imagina alta cariera decat cea in halate albe. Asta pana cand o vizita\u2026","rel":"","context":"Articol similar","block_context":{"text":"Articol similar","link":""},"img":{"alt_text":"slide_1","src":"https:\/\/i0.wp.com\/calatoriaspretine.ro\/wp\/wp-content\/uploads\/2020\/12\/slide_1.jpg?fit=1200%2C539&ssl=1&resize=350%2C200","width":350,"height":200,"srcset":"https:\/\/i0.wp.com\/calatoriaspretine.ro\/wp\/wp-content\/uploads\/2020\/12\/slide_1.jpg?fit=1200%2C539&ssl=1&resize=350%2C200 1x, https:\/\/i0.wp.com\/calatoriaspretine.ro\/wp\/wp-content\/uploads\/2020\/12\/slide_1.jpg?fit=1200%2C539&ssl=1&resize=525%2C300 1.5x, https:\/\/i0.wp.com\/calatoriaspretine.ro\/wp\/wp-content\/uploads\/2020\/12\/slide_1.jpg?fit=1200%2C539&ssl=1&resize=700%2C400 2x, https:\/\/i0.wp.com\/calatoriaspretine.ro\/wp\/wp-content\/uploads\/2020\/12\/slide_1.jpg?fit=1200%2C539&ssl=1&resize=1050%2C600 3x"},"classes":[]}],"ticketed":false,"_links":{"self":[{"href":"https:\/\/calatoriaspretine.ro\/wp\/wp-json\/wp\/v2\/pages\/232","targetHints":{"allow":["GET"]}}],"collection":[{"href":"https:\/\/calatoriaspretine.ro\/wp\/wp-json\/wp\/v2\/pages"}],"about":[{"href":"https:\/\/calatoriaspretine.ro\/wp\/wp-json\/wp\/v2\/types\/page"}],"author":[{"embeddable":true,"href":"https:\/\/calatoriaspretine.ro\/wp\/wp-json\/wp\/v2\/users\/4"}],"replies":[{"embeddable":true,"href":"https:\/\/calatoriaspretine.ro\/wp\/wp-json\/wp\/v2\/comments?post=232"}],"version-history":[{"count":0,"href":"https:\/\/calatoriaspretine.ro\/wp\/wp-json\/wp\/v2\/pages\/232\/revisions"}],"up":[{"embeddable":true,"href":"https:\/\/calatoriaspretine.ro\/wp\/wp-json\/wp\/v2\/pages\/203"}],"wp:attachment":[{"href":"https:\/\/calatoriaspretine.ro\/wp\/wp-json\/wp\/v2\/media?parent=232"}],"curies":[{"name":"wp","href":"https:\/\/api.w.org\/{rel}","templated":true}]}}